{"id":36,"date":"2020-10-13T10:36:04","date_gmt":"2020-10-13T08:36:04","guid":{"rendered":"http:\/\/vente-station\/?page_id=36"},"modified":"2023-08-04T10:01:01","modified_gmt":"2023-08-04T08:01:01","slug":"conditions-generales-de-vente","status":"publish","type":"page","link":"https:\/\/www.vente-aubrac.fr\/index.php\/conditions-generales-de-vente\/","title":{"rendered":"CONDITIONS GENERALES DE VENTE"},"content":{"rendered":"\n<style>\n  p {\n    text-align:justify;\n  }\nh4{\n text-align:center;\n}\n<\/style>\n<p>Les animaux seront visibles \u00e0 partir de 10 h.\nLa vente d\u00e9butera \u00e0 14 h.<\/p>\n<h4>1.ORIGINES : Reproducteurs de Race Pure<\/h4>\n<p>Tous les m\u00e2les sont issus d\u2019\u00e9tables inscrites et en carte verte et sont eux-m\u00eames confirm\u00e9s.\nLe catalogue de la vente est disponible pour toute information sur les taureaux dont les ascendances paternelles\net maternelles ont \u00e9t\u00e9 v\u00e9rifi\u00e9es par ADN, ainsi que le typage effectu\u00e9 concernant le g\u00e8ne culard et le g\u00e8ne Bulldog.<\/p>\n\n<h4>2.GARANTIES SANITAIRES<\/h4>\n<p>Les animaux sont bien s\u00fbr indemnes des maladies l\u00e9galement contagieuses (brucellose, tuberculose,\nleucose) et vendus avec carte verte (ASDA).\nLes animaux pr\u00e9sent\u00e9s ont \u00e9t\u00e9 soumis \u00e0 un contr\u00f4le en s\u00e9rologies n\u00e9gatives IBR, PARATUBERCULOSE,\nbi-cupule BESNOITIOSE et PCR-BVD (ou attestation individuelle non IPI). FCO 4 et 8 : Vaccination et rappel \u00e0\njour.\nTous les animaux proviennent de cheptels sous appellation ACERSA \u00e0 l\u2019\u00e9gard de l\u2019IBR.\nLa l\u00e9gislation en vigueur pr\u00e9voit l\u2019obligation \u00e0 celui qui rentre l\u2019animal dans son cheptel de proc\u00e9der \u00e0 la\nprophylaxie d\u2019achat.\nLe GIE ne fournit aucune garantie de cheptel contr\u00f4l\u00e9 \u00e0 l\u2019\u00e9gard de la paratuberculose.\nToute garantie sanitaire suppl\u00e9mentaire est \u00e0 la charge de l\u2019acheteur qui reste tenu de payer le taureau\nquelque soit le r\u00e9sultat des clauses suppl\u00e9mentaires demand\u00e9es.<\/p>\n\n<h4>3.FORME DE LA VENTE<\/h4>\n<p>C\u2019est une vente sous bulletin de soumission au plus offrant.\nL\u2019animal sera adjug\u00e9 \u00e0 l\u2019ench\u00e9risseur dont la mise sera la plus \u00e9lev\u00e9e.\nL\u2019acheteur est tenu de clairement se manifester, pour indiquer son intention de participer. Aucune r\u00e9clamation\nne sera admise apr\u00e8s les trois coups d\u00e9clanchant l\u2019ouverture des enveloppes.\nEn cas de propositions de prix identiques, il sera demand\u00e9 aux acqu\u00e9reurs ex aequo de refaire une proposition.\nL\u2019adjudicataire sera la personne qui aura port\u00e9 l\u2019ench\u00e8re la plus \u00e9lev\u00e9e pourvu qu\u2019elle soit \u00e9gale ou sup\u00e9rieure\nau prix de r\u00e9serve d\u00e9fini par l\u2019\u00e9leveur.\nPour les offres en ligne sur www.vente-aubrac.fr : les offres devront \u00eatre faites dans un ordre de priorit\u00e9 que\nvous choisirez, en respectant l\u2019ordre chronologique des reproducteurs dans le catalogue.\nSi la premi\u00e8re offre est accept\u00e9e elle annulera les suivantes. Si elle n\u2019est pas remport\u00e9e, la deuxi\u00e8me sera prise\nen compte, etc.\nSi vous souhaitez acqu\u00e9rir plusieurs taureaux il vous faudra remplir plusieurs documents.<\/p>\n\n<h4>4.CONDITIONS DE VENTE<\/h4>\n<p>LES ENCH\u00c8RES SONT EN EUROS avec une mise \u00e0 prix indiqu\u00e9e par le GIE.\nD\u00e8s l\u2019adjudication, le bon d\u2019achat sera rempli par l\u2019acheteur aupr\u00e8s du secr\u00e9tariat. Aucune commission\nsuppl\u00e9mentaire ne sera appliqu\u00e9e \u00e0 l\u2019acheteur sur le prix d\u2019achat HT.\nSur chaque bordereau d\u2019achat pour chaque bulletin de soumission, seront indiqu\u00e9s :<br>\nNom<br>\nAdresse postale<br>\nN\u00b0 de cheptel<br>\nN\u00b0 de t\u00e9l\u00e9phone<br>\nAdresse mail<br>\nPrix HT mis\u00e9 sur le taureau<br>\nNum\u00e9ro d\u2019ordre et\/ou le nom de l\u2019animal<br>\nPosition vis \u00e0 vis de la TVA<br>\nDate et signature<br>\nLe fait de miser entra\u00eene de plein droit l\u2019acceptation\nsans r\u00e9serve des pr\u00e9sentes conditions de vente\nqui sont r\u00e9put\u00e9es \u00eatre connues de l\u2019acheteur.<\/p>\n\n<h4>5.ENL\u00c8VEMENT DES ANIMAUX<\/h4>\n<p>Les animaux seront enlev\u00e9s une fois la vente termin\u00e9e, en bonne entente entre le vendeur et l\u2019acheteur.\nC\u2019est \u00e0 ce dernier d\u2019assurer de suite l\u2019animal \u00e0 son prix d\u2019achat.\nTout incident pouvant survenir \u00e0 l\u2019animal apr\u00e8s l\u2019adjudication est de la responsabilit\u00e9 int\u00e9grale de l\u2019acheteur.\nD\u00e8s qu\u2019il est mont\u00e9 sur le pont du camion, l\u2019animal est sous la responsabilit\u00e9 totale du transporteur.<\/p>\n\n<h4>6.LITIGES<\/h4>\n<p>Ils seront r\u00e9gl\u00e9s par les soins des membres du Bureau du Conseil d\u2019Administration du GIE.\nDANS TOUS LES CAS, le caract\u00e8re du taureau, le fait que l\u2019animal ne saillisse pas (sauf inaptitude physique\n\u00e0 l\u2019action de saillir) et les vices et d\u00e9fauts visibles (d\u00e9fauts d\u2019aplombs, mauvais jarrets, malformations,\nverrues\u2026) ne sont pas des clauses de reprise.\nEn cas de demande de reprise effectu\u00e9e par l\u2019acheteur envers le vendeur (taureau non f\u00e9condant, inaptitude\nphysique \u00e0 la saillie, etc.), l\u2019acheteur devra, \u00e0 ses frais, apporter la preuve du bien-fond\u00e9 de sa r\u00e9clamation\nAVANT LE 30 novembre 2023. Pass\u00e9 cette date du 30\/11\/2023 aucune demande ne sera recevable. Il est\nfortement conseill\u00e9 aux \u00e9leveurs acheteurs d\u2019assurer leur reproducteur.\nLe GIE ne garantit pas la conformit\u00e9 de la descendance ni les probl\u00e8mes de difficult\u00e9 de naissance des\nproduits pouvant survenir.\nIl ne garantit pas non plus des conditions sanitaires suppl\u00e9mentaires \u00e0 celles pr\u00e9sent\u00e9es.<\/p>\n\n<h4>7.R\u00c8GLEMENT DES ANIMAUX<\/h4>\n<p>L\u2019acheteur adjudicataire est tenu d\u2019acqu\u00e9rir la totalit\u00e9 des animaux qui lui seront adjug\u00e9s publiquement,\nm\u00eame en cas de modifications des conditions sanitaires d\u2019enl\u00e8vement.\nL\u2019acheteur est en effet r\u00e9put\u00e9 \u00eatre au courant du contexte, des conditions d\u2019\u00e9changes et de transport de\nbovin et de la r\u00e9glementation en vigueur concernant l\u2019enl\u00e8vement et la circulation de reproducteurs en\nFrance et en Europe.\nD\u00e8s le prononc\u00e9 de l\u2019adjudication, l\u2019acqu\u00e9reur devient propri\u00e9taire virtuel de l\u2019animal, qui est, d\u00e8s son\nchargement dans la b\u00e9taill\u00e8re, sous son enti\u00e8re responsabilit\u00e9, le paiement int\u00e9gral conditionnant la propri\u00e9t\u00e9\npleine et enti\u00e8re effective du taureau.\nDans le cas d\u2019une vente d\u2019un reproducteur \u00e0 l\u2019\u00e9tranger, il sera demand\u00e9 \u00e0 l\u2019acheteur un surco\u00fbt de 300 \u20ac HT\nafin de d\u00e9dommager le vendeur des frais suppl\u00e9mentaires de mise en quarantaine et du sanitaires exig\u00e9s<\/p>\n","protected":false},"excerpt":{"rendered":"<p>Les animaux seront visibles \u00e0 partir de 10 h. La vente d\u00e9butera \u00e0 14 h. 1.ORIGINES : Reproducteurs de Race Pure Tous les m\u00e2les sont issus d\u2019\u00e9tables inscrites et en carte verte et sont eux-m\u00eames confirm\u00e9s. Le catalogue de la vente est disponible pour toute information sur les taureaux dont les ascendances paternelles et maternelles [&hellip;]<\/p>\n","protected":false},"author":1,"featured_media":0,"parent":0,"menu_order":0,"comment_status":"closed","ping_status":"closed","template":"","meta":{"footnotes":""},"class_list":["post-36","page","type-page","status-publish","hentry"],"_links":{"self":[{"href":"https:\/\/www.vente-aubrac.fr\/index.php\/wp-json\/wp\/v2\/pages\/36","targetHints":{"allow":["GET"]}}],"collection":[{"href":"https:\/\/www.vente-aubrac.fr\/index.php\/wp-json\/wp\/v2\/pages"}],"about":[{"href":"https:\/\/www.vente-aubrac.fr\/index.php\/wp-json\/wp\/v2\/types\/page"}],"author":[{"embeddable":true,"href":"https:\/\/www.vente-aubrac.fr\/index.php\/wp-json\/wp\/v2\/users\/1"}],"replies":[{"embeddable":true,"href":"https:\/\/www.vente-aubrac.fr\/index.php\/wp-json\/wp\/v2\/comments?post=36"}],"version-history":[{"count":4,"href":"https:\/\/www.vente-aubrac.fr\/index.php\/wp-json\/wp\/v2\/pages\/36\/revisions"}],"predecessor-version":[{"id":2793,"href":"https:\/\/www.vente-aubrac.fr\/index.php\/wp-json\/wp\/v2\/pages\/36\/revisions\/2793"}],"wp:attachment":[{"href":"https:\/\/www.vente-aubrac.fr\/index.php\/wp-json\/wp\/v2\/media?parent=36"}],"curies":[{"name":"wp","href":"https:\/\/api.w.org\/{rel}","templated":true}]}}