{"id":2492,"date":"2023-08-02T23:36:22","date_gmt":"2023-08-02T21:36:22","guid":{"rendered":"https:\/\/www.vente-aubrac.fr\/?page_id=2492"},"modified":"2023-08-04T10:07:05","modified_gmt":"2023-08-04T08:07:05","slug":"editos","status":"publish","type":"page","link":"https:\/\/www.vente-aubrac.fr\/index.php\/editos\/","title":{"rendered":"Editos"},"content":{"rendered":"\n<div class=\"wp-block-columns is-layout-flex wp-container-core-columns-is-layout-9d6595d7 wp-block-columns-is-layout-flex\">\n<div class=\"wp-block-column is-layout-flow wp-block-column-is-layout-flow\">\n<p>Chers \u00e9leveurs,<br>Le GIE Race Aubrac organise, comme chaque ann\u00e9e \u00e0 une pareille \u00e9poque, sa vente aux ench\u00e8res de taureaux reproducteurs, fruit d\u2019une s\u00e9lection rigoureuse.<\/p>\n\n\n\n<p>Nous vous proposons l\u2019opportunit\u00e9 d\u2019acqu\u00e9rir de tr\u00e8s bons animaux, avec des potentiels g\u00e9n\u00e9tiques tr\u00e8s int\u00e9ressants, visant \u00e0 une am\u00e9lioration de la rentabilit\u00e9 de nos \u00e9levages. Les animaux pr\u00e9sent\u00e9s \u00e0 la vente r\u00e9pondent \u00e0 des garanties sanitaires irr\u00e9prochables. Chaque \u00e9leveur pourra trouver un taureau correspondant \u00e0 ses attentes.<\/p>\n\n\n\n<p>Le commercial du GIE, avec les techniciens de l\u2019UNION AUBRAC, se tiennent \u00e0 la disposition de tout \u00e9leveur qui souhaiterait b\u00e9n\u00e9ficier de conseils, afin de r\u00e9aliser le meilleur choix possible pour son \u00e9levage. <\/p>\n\n\n\n<p>Dans un cadre d\u2019une dynamique commerciale, je vous invite le vendredi 25 ao\u00fbt \u00e0 la Station de la Borie de l\u2019Aubrac \u00e0 partager ce moment de convivialit\u00e9.<\/p>\n\n\n\n<p><strong>Herv\u00e9 CATAYS,<\/strong><\/p>\n\n\n\n<p><strong>Pr\u00e9sident du GIE Race Aubrac<\/strong><\/p>\n<\/div>\n\n\n\n<div class=\"wp-block-column is-layout-flow wp-block-column-is-layout-flow\">\n<p>Avec une demande soutenue en reproducteurs m\u00e2les depuis plusieurs ann\u00e9es, la traditionnelle vente du GIE Race Aubrac est maintenant attendue par de nombreux \u00e9leveurs.<\/p>\n\n\n\n<p>Gage d\u2019efficacit\u00e9 pour les acheteurs, elle permet de b\u00e9n\u00e9ficier d\u2019une offre diversifi\u00e9e sur un socle de garanties communes \u00e0 l\u2019ensemble des taureaux propos\u00e9s \u00e0 la vente.<\/p>\n\n\n\n<p>Pierre-Antoine, notre nouveau commercial du GIE, a bien s\u00fbr visit\u00e9 l\u2019ensemble des \u00e9leveurs naisseurs que vous allez d\u00e9couvrir dans cette brochure afin de vous faire profiter des meilleures lign\u00e9es de chacun.<\/p>\n\n\n\n<p>N\u2019h\u00e9sitez pas \u00e0 le solliciter en amont pour plus de renseignements. Excellente vente \u00e0 toutes et \u00e0 tous. <\/p>\n\n\n\n<p><\/p>\n\n\n\n<p><strong>Yves CHASSANY,<\/strong><br><strong>Pr\u00e9sident de l\u2019Union Aubrac<\/strong><\/p>\n<\/div>\n<\/div>\n","protected":false},"excerpt":{"rendered":"<p>Chers \u00e9leveurs,Le GIE Race Aubrac organise, comme chaque ann\u00e9e \u00e0 une pareille \u00e9poque, sa vente aux ench\u00e8res de taureaux reproducteurs, fruit d\u2019une s\u00e9lection rigoureuse. Nous vous proposons l\u2019opportunit\u00e9 d\u2019acqu\u00e9rir de tr\u00e8s bons animaux, avec des potentiels g\u00e9n\u00e9tiques tr\u00e8s int\u00e9ressants, visant \u00e0 une am\u00e9lioration de la rentabilit\u00e9 de nos \u00e9levages. Les animaux pr\u00e9sent\u00e9s \u00e0 la vente [&hellip;]<\/p>\n","protected":false},"author":1,"featured_media":0,"parent":0,"menu_order":0,"comment_status":"closed","ping_status":"closed","template":"","meta":{"footnotes":""},"class_list":["post-2492","page","type-page","status-publish","hentry"],"_links":{"self":[{"href":"https:\/\/www.vente-aubrac.fr\/index.php\/wp-json\/wp\/v2\/pages\/2492","targetHints":{"allow":["GET"]}}],"collection":[{"href":"https:\/\/www.vente-aubrac.fr\/index.php\/wp-json\/wp\/v2\/pages"}],"about":[{"href":"https:\/\/www.vente-aubrac.fr\/index.php\/wp-json\/wp\/v2\/types\/page"}],"author":[{"embeddable":true,"href":"https:\/\/www.vente-aubrac.fr\/index.php\/wp-json\/wp\/v2\/users\/1"}],"replies":[{"embeddable":true,"href":"https:\/\/www.vente-aubrac.fr\/index.php\/wp-json\/wp\/v2\/comments?post=2492"}],"version-history":[{"count":5,"href":"https:\/\/www.vente-aubrac.fr\/index.php\/wp-json\/wp\/v2\/pages\/2492\/revisions"}],"predecessor-version":[{"id":2798,"href":"https:\/\/www.vente-aubrac.fr\/index.php\/wp-json\/wp\/v2\/pages\/2492\/revisions\/2798"}],"wp:attachment":[{"href":"https:\/\/www.vente-aubrac.fr\/index.php\/wp-json\/wp\/v2\/media?parent=2492"}],"curies":[{"name":"wp","href":"https:\/\/api.w.org\/{rel}","templated":true}]}}